{"id":3701,"date":"2024-08-24T11:36:58","date_gmt":"2024-08-24T11:36:58","guid":{"rendered":"https:\/\/expertrans.local\/?page_id=3701"},"modified":"2024-09-14T19:23:04","modified_gmt":"2024-09-14T19:23:04","slug":"intermodal-transportation","status":"publish","type":"page","link":"https:\/\/expertrans-ma.com\/fr\/intermodal-transportation\/","title":{"rendered":"Transport intermodal"},"content":{"rendered":"<div class=\"wpb-content-wrapper\"><!-- CWS Row --><div class=\"cws-content clearfix\"><div class=\"vc_row wpb_row vc_row-fluid\"><div class=\"wpb_column vc_column_container vc_col-sm-12 cws-column\"><div class=\"cws_vc_column-inner\"><div class=\"wpb_column vc_column_container vc_col-sm-12\"><div class=\"vc_column-inner\"><div class=\"wpb_wrapper\"><div class=\"vc_row wpb_row vc_inner vc_row-fluid\"><div class=\"wpb_column vc_column_container vc_col-sm-5\"><div class=\"vc_column-inner vc_custom_1724499605316\"><div class=\"wpb_wrapper\"><div class=\"cws_spacing cws_spacing_size_sm_desctop-on cws_spacing_tablet-on cws_spacing_mobile-on\"><div class=\"cws_spacing cws_spacing_default\" style=\"height:10px;\"><\/div> <div class=\"cws_spacing cws_spacing_size_sm_desctop\" style=\"height:15px;\"><\/div> <div class=\"cws_spacing cws_spacing_tablet\" style=\"height:15px;\"><\/div> <div class=\"cws_spacing cws_spacing_mobile\" style=\"height:15px;\"><\/div><\/div><div class='cws_textmodule cws_vc_shortcode_module' id='cws_textmodule_69eb8f50204f8'><div class='cws_textmodule_wrapper'><div class='cws_textmodule_text text_align_left'><div class='cws_textmodule_titles display_block'><h1 class='cws_textmodule_title'><span>Transport intermodal<\/span><\/h1><\/div><div class='cws_textmodule_content'><div class='text_content_wrapper'><p>Expertrans agit toujours avec une approche innovante, nous compl\u00e9tons tous les processus d'exploitation li\u00e9s au transport intermodal avec un co\u00fbt optimal et des processus commerciaux parfaits.<\/p>\n<p>Notre vaste r\u00e9seau d'affaires \u00e0 travers le monde nous donne la possibilit\u00e9 de faire du transport intermodal n'importe o\u00f9 et n'importe quand. En renouvelant constamment notre regard sur la logistique, nous r\u00e9alisons du transport intermodal avec des avantages particuliers pour nos clients.<\/p>\n<p>Nous suivons le rythme de l'approche de production \u00ab juste \u00e0 temps \u00bb avec nos op\u00e9rations intermodales. De cette fa\u00e7on, nous pouvons atteindre l'objectif en 99 % de temps de transit fixes. Nous g\u00e9rons un processus d'exploitation logique, efficace, rentable et conforme au vrai sens de la logistique.<\/p>\n<\/div><\/div><\/div><\/div><\/div><div class=\"cws_spacing cws_spacing_size_sm_desctop-on cws_spacing_tablet-on cws_spacing_mobile-on\"><div class=\"cws_spacing cws_spacing_default\" style=\"height:40px;\"><\/div> <div class=\"cws_spacing cws_spacing_size_sm_desctop\" style=\"height:40px;\"><\/div> <div class=\"cws_spacing cws_spacing_tablet\" style=\"height:40px;\"><\/div> <div class=\"cws_spacing cws_spacing_mobile\" style=\"height:40px;\"><\/div><\/div><\/div><\/div><\/div><div class=\"wpb_column vc_column_container vc_col-sm-7\"><div class=\"vc_column-inner\"><div class=\"wpb_wrapper\">\n\t<div class=\"wpb_text_column wpb_content_element\" >\n\t\t<div class=\"wpb_wrapper\">\n\t\t\t<p><img loading=\"lazy\" decoding=\"async\" class=\"aligncenter wp-image-3753 size-full\" src=\"https:\/\/expertrans-ma.com\/wp-content\/uploads\/2024\/08\/intermodal-2.jpg\" alt=\"\" width=\"1920\" height=\"1601\" srcset=\"https:\/\/expertrans-ma.com\/wp-content\/uploads\/2024\/08\/intermodal-2.jpg 1920w, https:\/\/expertrans-ma.com\/wp-content\/uploads\/2024\/08\/intermodal-2-300x250.jpg 300w, https:\/\/expertrans-ma.com\/wp-content\/uploads\/2024\/08\/intermodal-2-1024x854.jpg 1024w, https:\/\/expertrans-ma.com\/wp-content\/uploads\/2024\/08\/intermodal-2-768x640.jpg 768w, https:\/\/expertrans-ma.com\/wp-content\/uploads\/2024\/08\/intermodal-2-1536x1281.jpg 1536w, https:\/\/expertrans-ma.com\/wp-content\/uploads\/2024\/08\/intermodal-2-14x12.jpg 14w\" sizes=\"(max-width: 1920px) 100vw, 1920px\" \/><\/p>\n\n\t\t<\/div>\n\t<\/div>\n<\/div><\/div><\/div><\/div><div class=\"cws_spacing cws_spacing_size_sm_desctop-on cws_spacing_tablet-on cws_spacing_mobile-on\"><div class=\"cws_spacing cws_spacing_default\" style=\"height:90px;\"><\/div> <div class=\"cws_spacing cws_spacing_size_sm_desctop\" style=\"height:90px;\"><\/div> <div class=\"cws_spacing cws_spacing_tablet\" style=\"height:50px;\"><\/div> <div class=\"cws_spacing cws_spacing_mobile\" style=\"height:50px;\"><\/div><\/div><\/div><\/div><\/div><!-- CWS Column --> <\/div><\/div><\/div><\/div><!-- CWS Row --><div class=\"cws-content clearfix\"><div class=\"vc_row wpb_row vc_row-fluid\"><div class=\"wpb_column vc_column_container vc_col-sm-12 cws-column\"><div class=\"cws_vc_column-inner\"><div class=\"wpb_column vc_column_container vc_col-sm-12\"><div class=\"vc_column-inner\"><div class=\"wpb_wrapper\"><div  class=\"vc_do_toggle vc_toggle vc_toggle_    vc_toggle_active\"><div class=\"vc_toggle_title\"><h4>Comment transportons-nous ?<\/h4><i class=\"vc_toggle_icon\"><\/i><\/div><div class=\"vc_toggle_content\"><p>Nous offrons notre service de transport intermodal en int\u00e9grant plus d'un mode de transport. En g\u00e9n\u00e9ral, nous pouvons faire le d\u00e9part du Maroc par chemin de fer et utiliser diff\u00e9rents modes de transport pour les \u00e9tapes de livraison qui suivent l'arriv\u00e9e dans le pays de destination.<\/p>\n<\/div><\/div><div  class=\"vc_do_toggle vc_toggle vc_toggle_    vc_toggle_active\"><div class=\"vc_toggle_title\"><h4>Mode de transport respectueux de l'environnement<\/h4><i class=\"vc_toggle_icon\"><\/i><\/div><div class=\"vc_toggle_content\"><p>Nos op\u00e9rations sont \u00e9galement respectueuses de l'environnement, car nous transportons au minimum par camion dans le transport intermodal. Nous r\u00e9alisons nos op\u00e9rations de transport intermodal avec un minimum d'\u00e9missions de carbone.<\/p>\n<\/div><\/div><div  class=\"vc_do_toggle vc_toggle vc_toggle_    vc_toggle_active\"><div class=\"vc_toggle_title\"><h4>Assistance immediate<\/h4><i class=\"vc_toggle_icon\"><\/i><\/div><div class=\"vc_toggle_content\"><p>Dans notre service de transport intermodal, nous pouvons utiliser des conteneurs de transport avec diff\u00e9rentes caract\u00e9ristiques et tailles. Nos \u00e9quipes d'experts tracent vos chargements \u00e0 tout moment, depuis l'\u00e9tape de d\u00e9chargement dans les ports jusqu'\u00e0 leur transfert aux chauffeurs locaux dans le pays cible.<\/p>\n<p>Vous pouvez contacter nos \u00e9quipes si vous souhaitez obtenir des informations d\u00e9taill\u00e9es et des offres de prix sur nos transports intermodaux, qui refl\u00e8tent pleinement les normes de service et de qualit\u00e9 d'Expertrans.<\/p>\n<\/div><\/div><div class=\"cws_spacing cws_spacing_size_sm_desctop-on cws_spacing_tablet-on cws_spacing_mobile-on\"><div class=\"cws_spacing cws_spacing_default\" style=\"height:90px;\"><\/div> <div class=\"cws_spacing cws_spacing_size_sm_desctop\" style=\"height:90px;\"><\/div> <div class=\"cws_spacing cws_spacing_tablet\" style=\"height:50px;\"><\/div> <div class=\"cws_spacing cws_spacing_mobile\" style=\"height:50px;\"><\/div><\/div><\/div><\/div><\/div><!-- CWS Column --> <\/div><\/div><\/div><\/div><!-- CWS Row --><div class=\"cws-content clearfix\" style=\"background-repeat:no-repeat;background-size:cover;background-position:50% 50%;\"><div data-vc-full-width=\"true\" data-vc-full-width-init=\"false\" class=\"vc_row wpb_row vc_row-fluid vc_custom_1548148207525 vc_row-has-fill\"><div class=\"wpb_column vc_column_container vc_col-sm-12 cws-column\"><div class=\"cws_vc_column-inner\"><div class=\"wpb_column vc_column_container vc_col-sm-12\"><div class=\"vc_column-inner\"><div class=\"wpb_wrapper\"><div class=\"cws_spacing cws_spacing_size_sm_desctop-on cws_spacing_tablet-on cws_spacing_mobile-on\"><div class=\"cws_spacing cws_spacing_default\" style=\"height:100px;\"><\/div> <div class=\"cws_spacing cws_spacing_size_sm_desctop\" style=\"height:100px;\"><\/div> <div class=\"cws_spacing cws_spacing_tablet\" style=\"height:50px;\"><\/div> <div class=\"cws_spacing cws_spacing_mobile\" style=\"height:50px;\"><\/div><\/div><div class='cws_textmodule cws_vc_shortcode_module' id='cws_textmodule_69eb8f5021aaf'><div class='cws_textmodule_wrapper'><div class='cws_textmodule_text text_align_center'><div class='cws_textmodule_titles display_block'><h1 class='cws_textmodule_title'><span>Besoin de plus de d\u00e9tails ?<\/span><\/h1><\/div><\/div><\/div><\/div><div class=\"cws_spacing\"><div class=\"cws_spacing cws_spacing_default\" style=\"height:10px;\"><\/div><\/div><div class='cws_textmodule cws_vc_shortcode_module' id='cws_textmodule_69eb8f5021c89'><div class='cws_textmodule_wrapper'><div class='cws_textmodule_text text_align_center'><div class='cws_textmodule_content'><div class='text_content_wrapper'><p style=\"font-size: 18px; line-height: 1.4em;\">Nous sommes l\u00e0 pour vous aider. Contactez-nous par t\u00e9l\u00e9phone, par e-mail ou via nos r\u00e9seaux sociaux.<\/p>\n<\/div><\/div><\/div><\/div><\/div><div class=\"cws_spacing cws_spacing_size_sm_desctop-on cws_spacing_tablet-on cws_spacing_mobile-on\"><div class=\"cws_spacing cws_spacing_default\" style=\"height:40px;\"><\/div> <div class=\"cws_spacing cws_spacing_size_sm_desctop\" style=\"height:40px;\"><\/div> <div class=\"cws_spacing cws_spacing_tablet\" style=\"height:40px;\"><\/div> <div class=\"cws_spacing cws_spacing_mobile\" style=\"height:40px;\"><\/div><\/div><div class='sc_button_wrapper align-center mobile-align-center'><div id='cws_vc_shortcode_button_69eb8f5021da7' class='cws_custom_button_wrapper cws_sc_button regular default'><span><a href='https:\/\/expertrans-ma.com\/fr\/contacts\/' class='cws_custom_button'><span>CONTACTEZ-NOUS<\/span><i class='flaticon-arrows-1 ml-10'><\/i><\/a><\/span><\/div><\/div><div class=\"cws_spacing cws_spacing_size_sm_desctop-on cws_spacing_tablet-on cws_spacing_mobile-on\"><div class=\"cws_spacing cws_spacing_default\" style=\"height:100px;\"><\/div> <div class=\"cws_spacing cws_spacing_size_sm_desctop\" style=\"height:100px;\"><\/div> <div class=\"cws_spacing cws_spacing_tablet\" style=\"height:50px;\"><\/div> <div class=\"cws_spacing cws_spacing_mobile\" style=\"height:50px;\"><\/div><\/div><\/div><\/div><\/div><!-- CWS Column --> <\/div><\/div><\/div><div class=\"vc_row-full-width vc_clearfix\"><\/div><\/div>\n<\/div>","protected":false},"excerpt":{"rendered":"Intermodal transportationExpertrans is always acting with an innovative approach, we complete all operation processes related to intermodal transportation with optimum cost and perfect business processes. Our wide business network around the world gives us the opportunity to do intermodal transportation wherever and whenever. By constantly renewing our perspective on logistics, we realize intermodal transportation with special advantages for our customers. We keep pace with the \u201cJust in Time\u201d production approach with our intermodal operations. In this way, we can reach the target in 99% fixed transit times. We manage a logical operation process that is efficient, cost-effective and in line with the true meaning of logistics. How do we transport ?We offer our intermodal transportation service by integrating more than one transport mode. In general, we can set off from Morocco by railroad and use different transport modes for the delivery stages after arrival in the destination country. Environment-friendly transport modeOur operations are also environmentally friendly, as we minimum carry by trucking in intermodal transportation. We complete our intermodal transportation operations with minimal carbon emissions. Instant supportIn our intermodal transportation service, we can use transport containers with different features and sizes. Our expert teams trace your loads at all times, from the unloading stage at ports to their transfer to local drivers in the target country. You can contact our teams if you want to get detailed information and price offers about our intermodal transports, which we fully reflect Expertrans\u00a0service and quality standards. Need More Details? We are here to assist. Contact us by phone, email or via our social media channels. CONTACT US","protected":false},"author":1,"featured_media":0,"parent":0,"menu_order":0,"comment_status":"closed","ping_status":"closed","template":"","meta":{"footnotes":""},"class_list":["post-3701","page","type-page","status-publish","hentry"],"yoast_head":"<!-- This site is optimized with the Yoast SEO plugin v23.8 - https:\/\/yoast.com\/wordpress\/plugins\/seo\/ -->\n<title>Intermodal transportation - EXPERTRANS - International Freight Forwarder<\/title>\n<meta name=\"robots\" content=\"index, follow, max-snippet:-1, max-image-preview:large, max-video-preview:-1\" \/>\n<link rel=\"canonical\" href=\"https:\/\/expertrans-ma.com\/fr\/intermodal-transportation\/\" \/>\n<meta property=\"og:locale\" content=\"fr_FR\" \/>\n<meta property=\"og:type\" content=\"article\" \/>\n<meta property=\"og:title\" content=\"Intermodal transportation - EXPERTRANS - International Freight Forwarder\" \/>\n<meta property=\"og:url\" content=\"https:\/\/expertrans-ma.com\/fr\/intermodal-transportation\/\" \/>\n<meta property=\"og:site_name\" content=\"EXPERTRANS - International Freight Forwarder\" \/>\n<meta property=\"article:publisher\" content=\"https:\/\/web.facebook.com\/expertransmaroc\" \/>\n<meta property=\"article:modified_time\" content=\"2024-09-14T19:23:04+00:00\" \/>\n<meta property=\"og:image\" content=\"https:\/\/expertrans-ma.com\/wp-content\/uploads\/2024\/08\/intermodal-2.jpg\" \/>\n<meta name=\"twitter:card\" content=\"summary_large_image\" \/>\n<meta name=\"twitter:label1\" content=\"Dur\u00e9e de lecture estim\u00e9e\" \/>\n\t<meta name=\"twitter:data1\" content=\"2 minutes\" \/>\n<script type=\"application\/ld+json\" class=\"yoast-schema-graph\">{\"@context\":\"https:\/\/schema.org\",\"@graph\":[{\"@type\":\"WebPage\",\"@id\":\"https:\/\/expertrans-ma.com\/intermodal-transportation\/\",\"url\":\"https:\/\/expertrans-ma.com\/intermodal-transportation\/\",\"name\":\"Intermodal transportation - EXPERTRANS - International Freight Forwarder\",\"isPartOf\":{\"@id\":\"https:\/\/expertrans-ma.com\/#website\"},\"primaryImageOfPage\":{\"@id\":\"https:\/\/expertrans-ma.com\/intermodal-transportation\/#primaryimage\"},\"image\":{\"@id\":\"https:\/\/expertrans-ma.com\/intermodal-transportation\/#primaryimage\"},\"thumbnailUrl\":\"https:\/\/expertrans-ma.com\/wp-content\/uploads\/2024\/08\/intermodal-2.jpg\",\"datePublished\":\"2024-08-24T11:36:58+00:00\",\"dateModified\":\"2024-09-14T19:23:04+00:00\",\"breadcrumb\":{\"@id\":\"https:\/\/expertrans-ma.com\/intermodal-transportation\/#breadcrumb\"},\"inLanguage\":\"fr-FR\",\"potentialAction\":[{\"@type\":\"ReadAction\",\"target\":[\"https:\/\/expertrans-ma.com\/intermodal-transportation\/\"]}]},{\"@type\":\"ImageObject\",\"inLanguage\":\"fr-FR\",\"@id\":\"https:\/\/expertrans-ma.com\/intermodal-transportation\/#primaryimage\",\"url\":\"https:\/\/expertrans-ma.com\/wp-content\/uploads\/2024\/08\/intermodal-2.jpg\",\"contentUrl\":\"https:\/\/expertrans-ma.com\/wp-content\/uploads\/2024\/08\/intermodal-2.jpg\"},{\"@type\":\"BreadcrumbList\",\"@id\":\"https:\/\/expertrans-ma.com\/intermodal-transportation\/#breadcrumb\",\"itemListElement\":[{\"@type\":\"ListItem\",\"position\":1,\"name\":\"Home\",\"item\":\"https:\/\/expertrans-ma.com\/\"},{\"@type\":\"ListItem\",\"position\":2,\"name\":\"Intermodal transportation\"}]},{\"@type\":\"WebSite\",\"@id\":\"https:\/\/expertrans-ma.com\/#website\",\"url\":\"https:\/\/expertrans-ma.com\/\",\"name\":\"Expertrans\",\"description\":\"\",\"publisher\":{\"@id\":\"https:\/\/expertrans-ma.com\/#organization\"},\"potentialAction\":[{\"@type\":\"SearchAction\",\"target\":{\"@type\":\"EntryPoint\",\"urlTemplate\":\"https:\/\/expertrans-ma.com\/?s={search_term_string}\"},\"query-input\":{\"@type\":\"PropertyValueSpecification\",\"valueRequired\":true,\"valueName\":\"search_term_string\"}}],\"inLanguage\":\"fr-FR\"},{\"@type\":\"Organization\",\"@id\":\"https:\/\/expertrans-ma.com\/#organization\",\"name\":\"Expertrans\",\"url\":\"https:\/\/expertrans-ma.com\/\",\"logo\":{\"@type\":\"ImageObject\",\"inLanguage\":\"fr-FR\",\"@id\":\"https:\/\/expertrans-ma.com\/#\/schema\/logo\/image\/\",\"url\":\"https:\/\/expertrans-ma.com\/wp-content\/uploads\/2024\/08\/logo.png\",\"contentUrl\":\"https:\/\/expertrans-ma.com\/wp-content\/uploads\/2024\/08\/logo.png\",\"width\":500,\"height\":178,\"caption\":\"Expertrans\"},\"image\":{\"@id\":\"https:\/\/expertrans-ma.com\/#\/schema\/logo\/image\/\"},\"sameAs\":[\"https:\/\/web.facebook.com\/expertransmaroc\",\"https:\/\/fr.linkedin.com\/company\/expertrans\"]}]}<\/script>\n<!-- \/ Yoast SEO plugin. -->","yoast_head_json":{"title":"Intermodal transportation - EXPERTRANS - International Freight Forwarder","robots":{"index":"index","follow":"follow","max-snippet":"max-snippet:-1","max-image-preview":"max-image-preview:large","max-video-preview":"max-video-preview:-1"},"canonical":"https:\/\/expertrans-ma.com\/fr\/intermodal-transportation\/","og_locale":"fr_FR","og_type":"article","og_title":"Intermodal transportation - EXPERTRANS - International Freight Forwarder","og_url":"https:\/\/expertrans-ma.com\/fr\/intermodal-transportation\/","og_site_name":"EXPERTRANS - International Freight Forwarder","article_publisher":"https:\/\/web.facebook.com\/expertransmaroc","article_modified_time":"2024-09-14T19:23:04+00:00","og_image":[{"url":"https:\/\/expertrans-ma.com\/wp-content\/uploads\/2024\/08\/intermodal-2.jpg"}],"twitter_card":"summary_large_image","twitter_misc":{"Dur\u00e9e de lecture estim\u00e9e":"2 minutes"},"schema":{"@context":"https:\/\/schema.org","@graph":[{"@type":"WebPage","@id":"https:\/\/expertrans-ma.com\/intermodal-transportation\/","url":"https:\/\/expertrans-ma.com\/intermodal-transportation\/","name":"Intermodal transportation - EXPERTRANS - International Freight Forwarder","isPartOf":{"@id":"https:\/\/expertrans-ma.com\/#website"},"primaryImageOfPage":{"@id":"https:\/\/expertrans-ma.com\/intermodal-transportation\/#primaryimage"},"image":{"@id":"https:\/\/expertrans-ma.com\/intermodal-transportation\/#primaryimage"},"thumbnailUrl":"https:\/\/expertrans-ma.com\/wp-content\/uploads\/2024\/08\/intermodal-2.jpg","datePublished":"2024-08-24T11:36:58+00:00","dateModified":"2024-09-14T19:23:04+00:00","breadcrumb":{"@id":"https:\/\/expertrans-ma.com\/intermodal-transportation\/#breadcrumb"},"inLanguage":"fr-FR","potentialAction":[{"@type":"ReadAction","target":["https:\/\/expertrans-ma.com\/intermodal-transportation\/"]}]},{"@type":"ImageObject","inLanguage":"fr-FR","@id":"https:\/\/expertrans-ma.com\/intermodal-transportation\/#primaryimage","url":"https:\/\/expertrans-ma.com\/wp-content\/uploads\/2024\/08\/intermodal-2.jpg","contentUrl":"https:\/\/expertrans-ma.com\/wp-content\/uploads\/2024\/08\/intermodal-2.jpg"},{"@type":"BreadcrumbList","@id":"https:\/\/expertrans-ma.com\/intermodal-transportation\/#breadcrumb","itemListElement":[{"@type":"ListItem","position":1,"name":"Home","item":"https:\/\/expertrans-ma.com\/"},{"@type":"ListItem","position":2,"name":"Intermodal transportation"}]},{"@type":"WebSite","@id":"https:\/\/expertrans-ma.com\/#website","url":"https:\/\/expertrans-ma.com\/","name":"Expertrans","description":"","publisher":{"@id":"https:\/\/expertrans-ma.com\/#organization"},"potentialAction":[{"@type":"SearchAction","target":{"@type":"EntryPoint","urlTemplate":"https:\/\/expertrans-ma.com\/?s={search_term_string}"},"query-input":{"@type":"PropertyValueSpecification","valueRequired":true,"valueName":"search_term_string"}}],"inLanguage":"fr-FR"},{"@type":"Organization","@id":"https:\/\/expertrans-ma.com\/#organization","name":"Expertrans","url":"https:\/\/expertrans-ma.com\/","logo":{"@type":"ImageObject","inLanguage":"fr-FR","@id":"https:\/\/expertrans-ma.com\/#\/schema\/logo\/image\/","url":"https:\/\/expertrans-ma.com\/wp-content\/uploads\/2024\/08\/logo.png","contentUrl":"https:\/\/expertrans-ma.com\/wp-content\/uploads\/2024\/08\/logo.png","width":500,"height":178,"caption":"Expertrans"},"image":{"@id":"https:\/\/expertrans-ma.com\/#\/schema\/logo\/image\/"},"sameAs":["https:\/\/web.facebook.com\/expertransmaroc","https:\/\/fr.linkedin.com\/company\/expertrans"]}]}},"_links":{"self":[{"href":"https:\/\/expertrans-ma.com\/fr\/wp-json\/wp\/v2\/pages\/3701"}],"collection":[{"href":"https:\/\/expertrans-ma.com\/fr\/wp-json\/wp\/v2\/pages"}],"about":[{"href":"https:\/\/expertrans-ma.com\/fr\/wp-json\/wp\/v2\/types\/page"}],"author":[{"embeddable":true,"href":"https:\/\/expertrans-ma.com\/fr\/wp-json\/wp\/v2\/users\/1"}],"replies":[{"embeddable":true,"href":"https:\/\/expertrans-ma.com\/fr\/wp-json\/wp\/v2\/comments?post=3701"}],"version-history":[{"count":17,"href":"https:\/\/expertrans-ma.com\/fr\/wp-json\/wp\/v2\/pages\/3701\/revisions"}],"predecessor-version":[{"id":3992,"href":"https:\/\/expertrans-ma.com\/fr\/wp-json\/wp\/v2\/pages\/3701\/revisions\/3992"}],"wp:attachment":[{"href":"https:\/\/expertrans-ma.com\/fr\/wp-json\/wp\/v2\/media?parent=3701"}],"curies":[{"name":"wp","href":"https:\/\/api.w.org\/{rel}","templated":true}]}}