{"id":3673,"date":"2024-08-23T23:40:27","date_gmt":"2024-08-23T23:40:27","guid":{"rendered":"https:\/\/expertrans.local\/?page_id=3673"},"modified":"2024-09-14T19:23:57","modified_gmt":"2024-09-14T19:23:57","slug":"customs-clearance","status":"publish","type":"page","link":"https:\/\/expertrans-ma.com\/fr\/customs-clearance\/","title":{"rendered":"D\u00e9douanement"},"content":{"rendered":"<div class=\"wpb-content-wrapper\"><!-- CWS Row --><div class=\"cws-content clearfix\"><div class=\"vc_row wpb_row vc_row-fluid\"><div class=\"wpb_column vc_column_container vc_col-sm-12 cws-column\"><div class=\"cws_vc_column-inner\"><div class=\"wpb_column vc_column_container vc_col-sm-12\"><div class=\"vc_column-inner\"><div class=\"wpb_wrapper\"><div class=\"vc_row wpb_row vc_inner vc_row-fluid\"><div class=\"wpb_column vc_column_container vc_col-sm-5\"><div class=\"vc_column-inner vc_custom_1724456977820\"><div class=\"wpb_wrapper\"><div class=\"cws_spacing cws_spacing_size_sm_desctop-on cws_spacing_tablet-on cws_spacing_mobile-on\"><div class=\"cws_spacing cws_spacing_default\" style=\"height:10px;\"><\/div> <div class=\"cws_spacing cws_spacing_size_sm_desctop\" style=\"height:15px;\"><\/div> <div class=\"cws_spacing cws_spacing_tablet\" style=\"height:15px;\"><\/div> <div class=\"cws_spacing cws_spacing_mobile\" style=\"height:15px;\"><\/div><\/div><div class='cws_textmodule cws_vc_shortcode_module' id='cws_textmodule_69eb91f93f6f0'><div class='cws_textmodule_wrapper'><div class='cws_textmodule_text text_align_left'><div class='cws_textmodule_titles display_block'><h1 class='cws_textmodule_title'><span>D\u00e9douanement<\/span><\/h1><\/div><div class='cws_textmodule_content'><div class='text_content_wrapper'><p>Gr\u00e2ce \u00e0 notre service de d\u00e9douanement, nous pouvons guider nos clients \u00e0 travers les complexit\u00e9s du d\u00e9partement des douanes. Notre service de d\u00e9douanement peut \u00eatre class\u00e9 dans les cat\u00e9gories suivantes :<\/p>\n<ul>\n<li>Documentation douani\u00e8re<\/li>\n<li>Cartage \/ R\u00e9ception des marchandises<\/li>\n<li>Examen des envois<\/li>\n<li>Traitement de l'empotage et du d\u00e9potage dans les ports<\/li>\n<\/ul>\n<p>Notre division de courtiers en douane compte de nombreux courtiers agr\u00e9\u00e9s ayant de nombreuses ann\u00e9es d'exp\u00e9rience pour s'assurer que vos exp\u00e9ditions d'importation sont d\u00e9douan\u00e9es en un minimum de temps. Nous nous assurons que chaque exp\u00e9dition est livr\u00e9e avec la documentation compl\u00e8te, avant la fermeture du vol ou du navire pr\u00e9vu.<\/p>\n<\/div><\/div><\/div><\/div><\/div><div class=\"cws_spacing cws_spacing_size_sm_desctop-on cws_spacing_tablet-on cws_spacing_mobile-on\"><div class=\"cws_spacing cws_spacing_default\" style=\"height:40px;\"><\/div> <div class=\"cws_spacing cws_spacing_size_sm_desctop\" style=\"height:40px;\"><\/div> <div class=\"cws_spacing cws_spacing_tablet\" style=\"height:40px;\"><\/div> <div class=\"cws_spacing cws_spacing_mobile\" style=\"height:40px;\"><\/div><\/div><\/div><\/div><\/div><div class=\"wpb_column vc_column_container vc_col-sm-7\"><div class=\"vc_column-inner\"><div class=\"wpb_wrapper\">\n\t<div class=\"wpb_text_column wpb_content_element\" >\n\t\t<div class=\"wpb_wrapper\">\n\t\t\t<p><img loading=\"lazy\" decoding=\"async\" class=\"aligncenter wp-image-3758 size-full\" src=\"https:\/\/expertrans-ma.com\/wp-content\/uploads\/2024\/08\/clerance2.jpg\" alt=\"\" width=\"1920\" height=\"1280\" srcset=\"https:\/\/expertrans-ma.com\/wp-content\/uploads\/2024\/08\/clerance2.jpg 1920w, https:\/\/expertrans-ma.com\/wp-content\/uploads\/2024\/08\/clerance2-300x200.jpg 300w, https:\/\/expertrans-ma.com\/wp-content\/uploads\/2024\/08\/clerance2-1024x683.jpg 1024w, https:\/\/expertrans-ma.com\/wp-content\/uploads\/2024\/08\/clerance2-768x512.jpg 768w, https:\/\/expertrans-ma.com\/wp-content\/uploads\/2024\/08\/clerance2-1536x1024.jpg 1536w, https:\/\/expertrans-ma.com\/wp-content\/uploads\/2024\/08\/clerance2-18x12.jpg 18w\" sizes=\"(max-width: 1920px) 100vw, 1920px\" \/><\/p>\n\n\t\t<\/div>\n\t<\/div>\n<\/div><\/div><\/div><\/div><div class=\"cws_spacing cws_spacing_size_sm_desctop-on cws_spacing_tablet-on cws_spacing_mobile-on\"><div class=\"cws_spacing cws_spacing_default\" style=\"height:90px;\"><\/div> <div class=\"cws_spacing cws_spacing_size_sm_desctop\" style=\"height:90px;\"><\/div> <div class=\"cws_spacing cws_spacing_tablet\" style=\"height:50px;\"><\/div> <div class=\"cws_spacing cws_spacing_mobile\" style=\"height:50px;\"><\/div><\/div><\/div><\/div><\/div><!-- CWS Column --> <\/div><\/div><\/div><\/div><!-- CWS Row --><div class=\"cws-content clearfix\"><div class=\"vc_row wpb_row vc_row-fluid\"><div class=\"wpb_column vc_column_container vc_col-sm-12 cws-column\"><div class=\"cws_vc_column-inner\"><div class=\"wpb_column vc_column_container vc_col-sm-12\"><div class=\"vc_column-inner\"><div class=\"wpb_wrapper\"><div  class=\"vc_do_toggle vc_toggle vc_toggle_    vc_toggle_active\"><div class=\"vc_toggle_title\"><h4>Nous nous engageons \u00e0 :<\/h4><i class=\"vc_toggle_icon\"><\/i><\/div><div class=\"vc_toggle_content\"><ul>\n<li>La mise \u00e0 disposition d'espaces de stockage sous douane<\/li>\n<li>La mise \u00e0 disposition d'entrep\u00f4ts sous douane et de terrains complets pour vos conteneurs, v\u00e9hicules ou marchandises hors gabarit<\/li>\n<li>La gestion professionnelle de vos stocks<\/li>\n<li>La s\u00e9curit\u00e9 totale de vos marchandises par des syst\u00e8mes de surveillance efficaces<\/li>\n<li>Un suivi personnalis\u00e9 et un retour d'information r\u00e9gulier<\/li>\n<\/ul>\n<\/div><\/div><div  class=\"vc_do_toggle vc_toggle vc_toggle_    vc_toggle_active\"><div class=\"vc_toggle_title\"><h4>Notre expertise s'appuie sur :<\/h4><i class=\"vc_toggle_icon\"><\/i><\/div><div class=\"vc_toggle_content\"><ul>\n<li>Une \u00e9quipe professionnelle et disponible<\/li>\n<li>Une organisation claire et efficace<\/li>\n<\/ul>\n<\/div><\/div><div  class=\"vc_do_toggle vc_toggle vc_toggle_    vc_toggle_active\"><div class=\"vc_toggle_title\"><h4>Nos \u00e9quipes professionnelles sont \u00e0 votre service<\/h4><i class=\"vc_toggle_icon\"><\/i><\/div><div class=\"vc_toggle_content\"><p>Vous souhaitez en savoir plus sur nos solutions de stockage ? Contactez-nous, nous r\u00e9pondrons \u00e0 vos attentes.<\/p>\n<\/div><\/div><div class=\"cws_spacing cws_spacing_size_sm_desctop-on cws_spacing_tablet-on cws_spacing_mobile-on\"><div class=\"cws_spacing cws_spacing_default\" style=\"height:90px;\"><\/div> <div class=\"cws_spacing cws_spacing_size_sm_desctop\" style=\"height:90px;\"><\/div> <div class=\"cws_spacing cws_spacing_tablet\" style=\"height:50px;\"><\/div> <div class=\"cws_spacing cws_spacing_mobile\" style=\"height:50px;\"><\/div><\/div><\/div><\/div><\/div><!-- CWS Column --> <\/div><\/div><\/div><\/div><!-- CWS Row --><div class=\"cws-content clearfix\" style=\"background-repeat:no-repeat;background-size:cover;background-position:50% 50%;\"><div data-vc-full-width=\"true\" data-vc-full-width-init=\"false\" class=\"vc_row wpb_row vc_row-fluid vc_custom_1548148207525 vc_row-has-fill\"><div class=\"wpb_column vc_column_container vc_col-sm-12 cws-column\"><div class=\"cws_vc_column-inner\"><div class=\"wpb_column vc_column_container vc_col-sm-12\"><div class=\"vc_column-inner\"><div class=\"wpb_wrapper\"><div class=\"cws_spacing cws_spacing_size_sm_desctop-on cws_spacing_tablet-on cws_spacing_mobile-on\"><div class=\"cws_spacing cws_spacing_default\" style=\"height:100px;\"><\/div> <div class=\"cws_spacing cws_spacing_size_sm_desctop\" style=\"height:100px;\"><\/div> <div class=\"cws_spacing cws_spacing_tablet\" style=\"height:50px;\"><\/div> <div class=\"cws_spacing cws_spacing_mobile\" style=\"height:50px;\"><\/div><\/div><div class='cws_textmodule cws_vc_shortcode_module' id='cws_textmodule_69eb91f94094e'><div class='cws_textmodule_wrapper'><div class='cws_textmodule_text text_align_center'><div class='cws_textmodule_titles display_block'><h1 class='cws_textmodule_title'><span>Besoin de plus de d\u00e9tails ?<\/span><\/h1><\/div><\/div><\/div><\/div><div class=\"cws_spacing\"><div class=\"cws_spacing cws_spacing_default\" style=\"height:10px;\"><\/div><\/div><div class='cws_textmodule cws_vc_shortcode_module' id='cws_textmodule_69eb91f940b14'><div class='cws_textmodule_wrapper'><div class='cws_textmodule_text text_align_center'><div class='cws_textmodule_content'><div class='text_content_wrapper'><p style=\"font-size: 18px; line-height: 1.4em;\">Nous sommes l\u00e0 pour vous aider. Contactez-nous par t\u00e9l\u00e9phone, par e-mail ou via nos r\u00e9seaux sociaux.<\/p>\n<\/div><\/div><\/div><\/div><\/div><div class=\"cws_spacing cws_spacing_size_sm_desctop-on cws_spacing_tablet-on cws_spacing_mobile-on\"><div class=\"cws_spacing cws_spacing_default\" style=\"height:40px;\"><\/div> <div class=\"cws_spacing cws_spacing_size_sm_desctop\" style=\"height:40px;\"><\/div> <div class=\"cws_spacing cws_spacing_tablet\" style=\"height:40px;\"><\/div> <div class=\"cws_spacing cws_spacing_mobile\" style=\"height:40px;\"><\/div><\/div><div class='sc_button_wrapper align-center mobile-align-center'><div id='cws_vc_shortcode_button_69eb91f940c16' class='cws_custom_button_wrapper cws_sc_button regular default'><span><a href='https:\/\/expertrans-ma.com\/fr\/contacts\/' class='cws_custom_button'><span>CONTACTEZ-NOUS<\/span><i class='flaticon-arrows-1 ml-10'><\/i><\/a><\/span><\/div><\/div><div class=\"cws_spacing cws_spacing_size_sm_desctop-on cws_spacing_tablet-on cws_spacing_mobile-on\"><div class=\"cws_spacing cws_spacing_default\" style=\"height:100px;\"><\/div> <div class=\"cws_spacing cws_spacing_size_sm_desctop\" style=\"height:100px;\"><\/div> <div class=\"cws_spacing cws_spacing_tablet\" style=\"height:50px;\"><\/div> <div class=\"cws_spacing cws_spacing_mobile\" style=\"height:50px;\"><\/div><\/div><\/div><\/div><\/div><!-- CWS Column --> <\/div><\/div><\/div><div class=\"vc_row-full-width vc_clearfix\"><\/div><\/div>\n<\/div>","protected":false},"excerpt":{"rendered":"Customs clearanceThrough our custom-clearance service, we can guide our clients through the complexities of the customs department. Our custom clearance service can be classified into following categories: Customs Documentation Carting \/ Receiving Goods Examination of Shipments Handling of stuffing and destuffing at Ports Our Customs Broker division has many licensed Brokers with many years of experience to make certain that your import shipments are cleared through Customs in a minimum of time. We ensure that each shipment is delivered with the complete documentation, prior to close-out of the scheduled flight \/ vessel. We are committed to : The provision of bonded storage space; The provision of bonded warehouses and full land for your containers, vehicles or oversized goods; professional management of your stocks; the total security of your goods by efficient surveillance systems; personalized follow-up and regular feedback. Our expertise is based on : Professional and available team Clear and efficient organization Our professional teams are at your serviceWant to know more about our storage solutions? Contact us, we will meet your expectations. Need More Details? We are here to assist. Contact us by phone, email or via our social media channels. CONTACT US","protected":false},"author":1,"featured_media":0,"parent":0,"menu_order":0,"comment_status":"closed","ping_status":"closed","template":"","meta":{"footnotes":""},"class_list":["post-3673","page","type-page","status-publish","hentry"],"yoast_head":"<!-- This site is optimized with the Yoast SEO plugin v23.8 - https:\/\/yoast.com\/wordpress\/plugins\/seo\/ -->\n<title>Customs clearance - EXPERTRANS - International Freight Forwarder<\/title>\n<meta name=\"robots\" content=\"index, follow, max-snippet:-1, max-image-preview:large, max-video-preview:-1\" \/>\n<link rel=\"canonical\" href=\"https:\/\/expertrans-ma.com\/fr\/customs-clearance\/\" \/>\n<meta property=\"og:locale\" content=\"fr_FR\" \/>\n<meta property=\"og:type\" content=\"article\" \/>\n<meta property=\"og:title\" content=\"Customs clearance - EXPERTRANS - International Freight Forwarder\" \/>\n<meta property=\"og:url\" content=\"https:\/\/expertrans-ma.com\/fr\/customs-clearance\/\" \/>\n<meta property=\"og:site_name\" content=\"EXPERTRANS - International Freight Forwarder\" \/>\n<meta property=\"article:publisher\" content=\"https:\/\/web.facebook.com\/expertransmaroc\" \/>\n<meta property=\"article:modified_time\" content=\"2024-09-14T19:23:57+00:00\" \/>\n<meta property=\"og:image\" content=\"https:\/\/expertrans-ma.com\/wp-content\/uploads\/2024\/08\/clerance2.jpg\" \/>\n<meta name=\"twitter:card\" content=\"summary_large_image\" \/>\n<meta name=\"twitter:label1\" content=\"Dur\u00e9e de lecture estim\u00e9e\" \/>\n\t<meta name=\"twitter:data1\" content=\"2 minutes\" \/>\n<script type=\"application\/ld+json\" class=\"yoast-schema-graph\">{\"@context\":\"https:\/\/schema.org\",\"@graph\":[{\"@type\":\"WebPage\",\"@id\":\"https:\/\/expertrans-ma.com\/customs-clearance\/\",\"url\":\"https:\/\/expertrans-ma.com\/customs-clearance\/\",\"name\":\"Customs clearance - EXPERTRANS - International Freight Forwarder\",\"isPartOf\":{\"@id\":\"https:\/\/expertrans-ma.com\/#website\"},\"primaryImageOfPage\":{\"@id\":\"https:\/\/expertrans-ma.com\/customs-clearance\/#primaryimage\"},\"image\":{\"@id\":\"https:\/\/expertrans-ma.com\/customs-clearance\/#primaryimage\"},\"thumbnailUrl\":\"https:\/\/expertrans-ma.com\/wp-content\/uploads\/2024\/08\/clerance2.jpg\",\"datePublished\":\"2024-08-23T23:40:27+00:00\",\"dateModified\":\"2024-09-14T19:23:57+00:00\",\"breadcrumb\":{\"@id\":\"https:\/\/expertrans-ma.com\/customs-clearance\/#breadcrumb\"},\"inLanguage\":\"fr-FR\",\"potentialAction\":[{\"@type\":\"ReadAction\",\"target\":[\"https:\/\/expertrans-ma.com\/customs-clearance\/\"]}]},{\"@type\":\"ImageObject\",\"inLanguage\":\"fr-FR\",\"@id\":\"https:\/\/expertrans-ma.com\/customs-clearance\/#primaryimage\",\"url\":\"https:\/\/expertrans-ma.com\/wp-content\/uploads\/2024\/08\/clerance2.jpg\",\"contentUrl\":\"https:\/\/expertrans-ma.com\/wp-content\/uploads\/2024\/08\/clerance2.jpg\"},{\"@type\":\"BreadcrumbList\",\"@id\":\"https:\/\/expertrans-ma.com\/customs-clearance\/#breadcrumb\",\"itemListElement\":[{\"@type\":\"ListItem\",\"position\":1,\"name\":\"Home\",\"item\":\"https:\/\/expertrans-ma.com\/\"},{\"@type\":\"ListItem\",\"position\":2,\"name\":\"Customs clearance\"}]},{\"@type\":\"WebSite\",\"@id\":\"https:\/\/expertrans-ma.com\/#website\",\"url\":\"https:\/\/expertrans-ma.com\/\",\"name\":\"Expertrans\",\"description\":\"\",\"publisher\":{\"@id\":\"https:\/\/expertrans-ma.com\/#organization\"},\"potentialAction\":[{\"@type\":\"SearchAction\",\"target\":{\"@type\":\"EntryPoint\",\"urlTemplate\":\"https:\/\/expertrans-ma.com\/?s={search_term_string}\"},\"query-input\":{\"@type\":\"PropertyValueSpecification\",\"valueRequired\":true,\"valueName\":\"search_term_string\"}}],\"inLanguage\":\"fr-FR\"},{\"@type\":\"Organization\",\"@id\":\"https:\/\/expertrans-ma.com\/#organization\",\"name\":\"Expertrans\",\"url\":\"https:\/\/expertrans-ma.com\/\",\"logo\":{\"@type\":\"ImageObject\",\"inLanguage\":\"fr-FR\",\"@id\":\"https:\/\/expertrans-ma.com\/#\/schema\/logo\/image\/\",\"url\":\"https:\/\/expertrans-ma.com\/wp-content\/uploads\/2024\/08\/logo.png\",\"contentUrl\":\"https:\/\/expertrans-ma.com\/wp-content\/uploads\/2024\/08\/logo.png\",\"width\":500,\"height\":178,\"caption\":\"Expertrans\"},\"image\":{\"@id\":\"https:\/\/expertrans-ma.com\/#\/schema\/logo\/image\/\"},\"sameAs\":[\"https:\/\/web.facebook.com\/expertransmaroc\",\"https:\/\/fr.linkedin.com\/company\/expertrans\"]}]}<\/script>\n<!-- \/ Yoast SEO plugin. -->","yoast_head_json":{"title":"Customs clearance - EXPERTRANS - International Freight Forwarder","robots":{"index":"index","follow":"follow","max-snippet":"max-snippet:-1","max-image-preview":"max-image-preview:large","max-video-preview":"max-video-preview:-1"},"canonical":"https:\/\/expertrans-ma.com\/fr\/customs-clearance\/","og_locale":"fr_FR","og_type":"article","og_title":"Customs clearance - EXPERTRANS - International Freight Forwarder","og_url":"https:\/\/expertrans-ma.com\/fr\/customs-clearance\/","og_site_name":"EXPERTRANS - International Freight Forwarder","article_publisher":"https:\/\/web.facebook.com\/expertransmaroc","article_modified_time":"2024-09-14T19:23:57+00:00","og_image":[{"url":"https:\/\/expertrans-ma.com\/wp-content\/uploads\/2024\/08\/clerance2.jpg"}],"twitter_card":"summary_large_image","twitter_misc":{"Dur\u00e9e de lecture estim\u00e9e":"2 minutes"},"schema":{"@context":"https:\/\/schema.org","@graph":[{"@type":"WebPage","@id":"https:\/\/expertrans-ma.com\/customs-clearance\/","url":"https:\/\/expertrans-ma.com\/customs-clearance\/","name":"Customs clearance - EXPERTRANS - International Freight Forwarder","isPartOf":{"@id":"https:\/\/expertrans-ma.com\/#website"},"primaryImageOfPage":{"@id":"https:\/\/expertrans-ma.com\/customs-clearance\/#primaryimage"},"image":{"@id":"https:\/\/expertrans-ma.com\/customs-clearance\/#primaryimage"},"thumbnailUrl":"https:\/\/expertrans-ma.com\/wp-content\/uploads\/2024\/08\/clerance2.jpg","datePublished":"2024-08-23T23:40:27+00:00","dateModified":"2024-09-14T19:23:57+00:00","breadcrumb":{"@id":"https:\/\/expertrans-ma.com\/customs-clearance\/#breadcrumb"},"inLanguage":"fr-FR","potentialAction":[{"@type":"ReadAction","target":["https:\/\/expertrans-ma.com\/customs-clearance\/"]}]},{"@type":"ImageObject","inLanguage":"fr-FR","@id":"https:\/\/expertrans-ma.com\/customs-clearance\/#primaryimage","url":"https:\/\/expertrans-ma.com\/wp-content\/uploads\/2024\/08\/clerance2.jpg","contentUrl":"https:\/\/expertrans-ma.com\/wp-content\/uploads\/2024\/08\/clerance2.jpg"},{"@type":"BreadcrumbList","@id":"https:\/\/expertrans-ma.com\/customs-clearance\/#breadcrumb","itemListElement":[{"@type":"ListItem","position":1,"name":"Home","item":"https:\/\/expertrans-ma.com\/"},{"@type":"ListItem","position":2,"name":"Customs clearance"}]},{"@type":"WebSite","@id":"https:\/\/expertrans-ma.com\/#website","url":"https:\/\/expertrans-ma.com\/","name":"Expertrans","description":"","publisher":{"@id":"https:\/\/expertrans-ma.com\/#organization"},"potentialAction":[{"@type":"SearchAction","target":{"@type":"EntryPoint","urlTemplate":"https:\/\/expertrans-ma.com\/?s={search_term_string}"},"query-input":{"@type":"PropertyValueSpecification","valueRequired":true,"valueName":"search_term_string"}}],"inLanguage":"fr-FR"},{"@type":"Organization","@id":"https:\/\/expertrans-ma.com\/#organization","name":"Expertrans","url":"https:\/\/expertrans-ma.com\/","logo":{"@type":"ImageObject","inLanguage":"fr-FR","@id":"https:\/\/expertrans-ma.com\/#\/schema\/logo\/image\/","url":"https:\/\/expertrans-ma.com\/wp-content\/uploads\/2024\/08\/logo.png","contentUrl":"https:\/\/expertrans-ma.com\/wp-content\/uploads\/2024\/08\/logo.png","width":500,"height":178,"caption":"Expertrans"},"image":{"@id":"https:\/\/expertrans-ma.com\/#\/schema\/logo\/image\/"},"sameAs":["https:\/\/web.facebook.com\/expertransmaroc","https:\/\/fr.linkedin.com\/company\/expertrans"]}]}},"_links":{"self":[{"href":"https:\/\/expertrans-ma.com\/fr\/wp-json\/wp\/v2\/pages\/3673"}],"collection":[{"href":"https:\/\/expertrans-ma.com\/fr\/wp-json\/wp\/v2\/pages"}],"about":[{"href":"https:\/\/expertrans-ma.com\/fr\/wp-json\/wp\/v2\/types\/page"}],"author":[{"embeddable":true,"href":"https:\/\/expertrans-ma.com\/fr\/wp-json\/wp\/v2\/users\/1"}],"replies":[{"embeddable":true,"href":"https:\/\/expertrans-ma.com\/fr\/wp-json\/wp\/v2\/comments?post=3673"}],"version-history":[{"count":15,"href":"https:\/\/expertrans-ma.com\/fr\/wp-json\/wp\/v2\/pages\/3673\/revisions"}],"predecessor-version":[{"id":3994,"href":"https:\/\/expertrans-ma.com\/fr\/wp-json\/wp\/v2\/pages\/3673\/revisions\/3994"}],"wp:attachment":[{"href":"https:\/\/expertrans-ma.com\/fr\/wp-json\/wp\/v2\/media?parent=3673"}],"curies":[{"name":"wp","href":"https:\/\/api.w.org\/{rel}","templated":true}]}}