{"id":3649,"date":"2024-08-23T23:09:25","date_gmt":"2024-08-23T23:09:25","guid":{"rendered":"https:\/\/expertrans.local\/?page_id=3649"},"modified":"2024-09-14T19:22:35","modified_gmt":"2024-09-14T19:22:35","slug":"project-cargo","status":"publish","type":"page","link":"https:\/\/expertrans-ma.com\/fr\/project-cargo\/","title":{"rendered":"Cargaison de projet"},"content":{"rendered":"<div class=\"wpb-content-wrapper\"><!-- CWS Row --><div class=\"cws-content clearfix\"><div class=\"vc_row wpb_row vc_row-fluid\"><div class=\"wpb_column vc_column_container vc_col-sm-12 cws-column\"><div class=\"cws_vc_column-inner\"><div class=\"wpb_column vc_column_container vc_col-sm-12\"><div class=\"vc_column-inner\"><div class=\"wpb_wrapper\"><div class=\"vc_row wpb_row vc_inner vc_row-fluid\"><div class=\"wpb_column vc_column_container vc_col-sm-5\"><div class=\"vc_column-inner vc_custom_1548145204043\"><div class=\"wpb_wrapper\"><div class=\"cws_spacing cws_spacing_size_sm_desctop-on cws_spacing_tablet-on cws_spacing_mobile-on\"><div class=\"cws_spacing cws_spacing_default\" style=\"height:15px;\"><\/div> <div class=\"cws_spacing cws_spacing_size_sm_desctop\" style=\"height:15px;\"><\/div> <div class=\"cws_spacing cws_spacing_tablet\" style=\"height:15px;\"><\/div> <div class=\"cws_spacing cws_spacing_mobile\" style=\"height:15px;\"><\/div><\/div><div class='cws_textmodule cws_vc_shortcode_module' id='cws_textmodule_69de258b0f77d'><div class='cws_textmodule_wrapper'><div class='cws_textmodule_text text_align_left'><div class='cws_textmodule_titles display_block'><h1 class='cws_textmodule_title'><span>Cargaison de projet<\/span><\/h1><\/div><div class='cws_textmodule_content'><div class='text_content_wrapper'><p>Recherchez-vous \u00e0 livrer des cargaisons industrielles dans le monde entier ? Expertrans poss\u00e8de l'expertise et les installations n\u00e9cessaires pour soutenir vos projets du d\u00e9but \u00e0 la fin. Situ\u00e9s au c\u0153ur de la capitale \u00e9conomique du Royaume Ch\u00e9rifien, nous vous offrons des emplacements logistiques de choix au Maroc et dans d'autres pays pour superviser toutes les parties du projet en votre nom.<\/p>\n<p>Quelle que soit la taille ou la nature de votre cargaison, nous coordonnerons le stockage, le transbordement et le transport en toute s\u00e9curit\u00e9. Expertrans est en mesure de servir un large \u00e9ventail d'industries, du secteur maritime au traitement des eaux, en passant par la construction et l'exploitation mini\u00e8re. Nos clients appr\u00e9cient notre volont\u00e9 de personnaliser nos services afin de r\u00e9pondre \u00e0 leurs besoins sp\u00e9cifiques.<\/p>\n<\/div><\/div><\/div><\/div><\/div><div class=\"cws_spacing cws_spacing_size_sm_desctop-on cws_spacing_tablet-on cws_spacing_mobile-on\"><div class=\"cws_spacing cws_spacing_default\" style=\"height:40px;\"><\/div> <div class=\"cws_spacing cws_spacing_size_sm_desctop\" style=\"height:40px;\"><\/div> <div class=\"cws_spacing cws_spacing_tablet\" style=\"height:40px;\"><\/div> <div class=\"cws_spacing cws_spacing_mobile\" style=\"height:40px;\"><\/div><\/div><\/div><\/div><\/div><div class=\"wpb_column vc_column_container vc_col-sm-7\"><div class=\"vc_column-inner\"><div class=\"wpb_wrapper\">\n\t<div class=\"wpb_text_column wpb_content_element\" >\n\t\t<div class=\"wpb_wrapper\">\n\t\t\t<p><img loading=\"lazy\" decoding=\"async\" class=\"aligncenter wp-image-3821 size-full\" src=\"https:\/\/expertrans-ma.com\/wp-content\/uploads\/2024\/09\/projectcargo4.jpg\" alt=\"\" width=\"1920\" height=\"1280\" srcset=\"https:\/\/expertrans-ma.com\/wp-content\/uploads\/2024\/09\/projectcargo4.jpg 1920w, https:\/\/expertrans-ma.com\/wp-content\/uploads\/2024\/09\/projectcargo4-300x200.jpg 300w, https:\/\/expertrans-ma.com\/wp-content\/uploads\/2024\/09\/projectcargo4-1024x683.jpg 1024w, https:\/\/expertrans-ma.com\/wp-content\/uploads\/2024\/09\/projectcargo4-768x512.jpg 768w, https:\/\/expertrans-ma.com\/wp-content\/uploads\/2024\/09\/projectcargo4-1536x1024.jpg 1536w, https:\/\/expertrans-ma.com\/wp-content\/uploads\/2024\/09\/projectcargo4-18x12.jpg 18w\" sizes=\"(max-width: 1920px) 100vw, 1920px\" \/><\/p>\n\n\t\t<\/div>\n\t<\/div>\n<\/div><\/div><\/div><\/div><div class=\"cws_spacing cws_spacing_size_sm_desctop-on cws_spacing_tablet-on cws_spacing_mobile-on\"><div class=\"cws_spacing cws_spacing_default\" style=\"height:90px;\"><\/div> <div class=\"cws_spacing cws_spacing_size_sm_desctop\" style=\"height:90px;\"><\/div> <div class=\"cws_spacing cws_spacing_tablet\" style=\"height:50px;\"><\/div> <div class=\"cws_spacing cws_spacing_mobile\" style=\"height:50px;\"><\/div><\/div><\/div><\/div><\/div><!-- CWS Column --> <\/div><\/div><\/div><\/div><!-- CWS Row --><div class=\"cws-content clearfix\"><div class=\"vc_row wpb_row vc_row-fluid\"><div class=\"wpb_column vc_column_container vc_col-sm-12 cws-column\"><div class=\"cws_vc_column-inner\"><div class=\"wpb_column vc_column_container vc_col-sm-12\"><div class=\"vc_column-inner\"><div class=\"wpb_wrapper\"><div  class=\"vc_do_toggle vc_toggle vc_toggle_    vc_toggle_active\"><div class=\"vc_toggle_title\"><h4>Vigilance logistique<\/h4><i class=\"vc_toggle_icon\"><\/i><\/div><div class=\"vc_toggle_content\"><p>Les cargaisons industrielles, doivent parfois \u00eatre r\u00e9par\u00e9es, test\u00e9es, modifi\u00e9es ou assembl\u00e9es avant d'\u00eatre exp\u00e9di\u00e9es vers leur destination finale. Gr\u00e2ce \u00e0 l'expertise de nos partenaires et \u00e0 leurs installations modernes, nous vous offrirons une large gamme de services logistiques et de services \u00e0 valeur ajout\u00e9e \u00e0 un grand nombre de secteurs.<\/p>\n<\/div><\/div><div  class=\"vc_do_toggle vc_toggle vc_toggle_    vc_toggle_active\"><div class=\"vc_toggle_title\"><h4>Ressources logistiques<\/h4><i class=\"vc_toggle_icon\"><\/i><\/div><div class=\"vc_toggle_content\"><p>La complexit\u00e9 de la manutention de marchandises volumineuses exige des partenariats de collaboration et une communication constante tout au long de la cha\u00eene d'approvisionnement. Nos services comprennent l'exp\u00e9dition, le transport, l'entreposage, le d\u00e9douanement et la repr\u00e9sentation fiscale gr\u00e2ce \u00e0 un r\u00e9seau mondial de sp\u00e9cialistes.<\/p>\n<p>Ces relations solides, ainsi que nos installations de pointe et nos syst\u00e8mes de communication int\u00e9gr\u00e9s, permettent d'adapter chacun de nos services de qualit\u00e9 \u00e0 vos sp\u00e9cifications individuelles.<\/p>\n<\/div><\/div><div  class=\"vc_do_toggle vc_toggle vc_toggle_    vc_toggle_active\"><div class=\"vc_toggle_title\"><h4>Respect des mesure de s\u00e9curit\u00e9<\/h4><i class=\"vc_toggle_icon\"><\/i><\/div><div class=\"vc_toggle_content\"><p>La manutention de cargaisons industrielles est compliqu\u00e9e. Bien entendu, il \u00e9mane de notre responsabilit\u00e9 que les normes de s\u00e9curit\u00e9, de s\u00fbret\u00e9 et de qualit\u00e9 soient respect\u00e9es \u00e0 tout moment.<\/p>\n<\/div><\/div><div class=\"cws_spacing cws_spacing_size_sm_desctop-on cws_spacing_tablet-on cws_spacing_mobile-on\"><div class=\"cws_spacing cws_spacing_default\" style=\"height:90px;\"><\/div> <div class=\"cws_spacing cws_spacing_size_sm_desctop\" style=\"height:90px;\"><\/div> <div class=\"cws_spacing cws_spacing_tablet\" style=\"height:50px;\"><\/div> <div class=\"cws_spacing cws_spacing_mobile\" style=\"height:50px;\"><\/div><\/div><\/div><\/div><\/div><!-- CWS Column --> <\/div><\/div><\/div><\/div><!-- CWS Row --><div class=\"cws-content clearfix\"><div class=\"vc_row wpb_row vc_row-fluid\"><div class=\"wpb_column vc_column_container vc_col-sm-12 cws-column\"><div class=\"cws_vc_column-inner\"><div class=\"wpb_column vc_column_container vc_col-sm-12\"><div class=\"vc_column-inner\"><div class=\"wpb_wrapper\"><div class=\"vc_row wpb_row vc_inner vc_row-fluid\"><div class=\"wpb_column vc_column_container vc_col-sm-7\"><div class=\"vc_column-inner\"><div class=\"wpb_wrapper\">\n\t<div class=\"wpb_text_column wpb_content_element\" >\n\t\t<div class=\"wpb_wrapper\">\n\t\t\t<p><img loading=\"lazy\" decoding=\"async\" class=\"wp-image-3746 size-full aligncenter\" src=\"https:\/\/expertrans-ma.com\/wp-content\/uploads\/2024\/08\/cargo2.jpg\" alt=\"\" width=\"1920\" height=\"1280\" srcset=\"https:\/\/expertrans-ma.com\/wp-content\/uploads\/2024\/08\/cargo2.jpg 1920w, https:\/\/expertrans-ma.com\/wp-content\/uploads\/2024\/08\/cargo2-300x200.jpg 300w, https:\/\/expertrans-ma.com\/wp-content\/uploads\/2024\/08\/cargo2-1024x683.jpg 1024w, https:\/\/expertrans-ma.com\/wp-content\/uploads\/2024\/08\/cargo2-768x512.jpg 768w, https:\/\/expertrans-ma.com\/wp-content\/uploads\/2024\/08\/cargo2-1536x1024.jpg 1536w, https:\/\/expertrans-ma.com\/wp-content\/uploads\/2024\/08\/cargo2-18x12.jpg 18w\" sizes=\"(max-width: 1920px) 100vw, 1920px\" \/><\/p>\n\n\t\t<\/div>\n\t<\/div>\n<\/div><\/div><\/div><div class=\"wpb_column vc_column_container vc_col-sm-5\"><div class=\"vc_column-inner vc_custom_1724456069521\"><div class=\"wpb_wrapper\"><div class=\"cws_spacing\"><div class=\"cws_spacing cws_spacing_default\" style=\"height:20px;\"><\/div><\/div><div class='cws_textmodule cws_vc_shortcode_module' id='cws_textmodule_69de258b110ca'><div class='cws_textmodule_wrapper'><div class='cws_textmodule_text text_align_left'><div class='cws_textmodule_titles display_block'><h1 class='cws_textmodule_title'><span>Nos services de cargaison industrielle ou marchande comprennent :<\/span><\/h1><\/div><div class='cws_textmodule_content'><div class='text_content_wrapper'><ul>\n<li>Vous conseiller sur les moyens de minimiser les co\u00fbts de fret.<\/li>\n<li>Optimiser la s\u00e9curit\u00e9 du transport de vos marchandises.<\/li>\n<li>La r\u00e9ception de nombreux types de navires.<\/li>\n<li>Le stockage, le montage et la modification de votre cargaison \u00e0 l'int\u00e9rieur et \u00e0 l'ext\u00e9rieur.<\/li>\n<li>Coordination et supervision du transport par voie a\u00e9rienne, terrestre et maritime.<\/li>\n<li>Organiser le d\u00e9douanement et veiller \u00e0 ce que les r\u00e8gles de s\u00e9curit\u00e9 et les r\u00e9glementations l\u00e9gales soient respect\u00e9es.<\/li>\n<\/ul>\n<\/div><\/div><\/div><\/div><\/div><div class=\"cws_spacing cws_spacing_size_sm_desctop-on cws_spacing_tablet-on cws_spacing_mobile-on\"><div class=\"cws_spacing cws_spacing_default\" style=\"height:40px;\"><\/div> <div class=\"cws_spacing cws_spacing_size_sm_desctop\" style=\"height:40px;\"><\/div> <div class=\"cws_spacing cws_spacing_tablet\" style=\"height:40px;\"><\/div> <div class=\"cws_spacing cws_spacing_mobile\" style=\"height:40px;\"><\/div><\/div><\/div><\/div><\/div><\/div><div class=\"cws_spacing cws_spacing_size_sm_desctop-on cws_spacing_tablet-on cws_spacing_mobile-on\"><div class=\"cws_spacing cws_spacing_default\" style=\"height:90px;\"><\/div> <div class=\"cws_spacing cws_spacing_size_sm_desctop\" style=\"height:100px;\"><\/div> <div class=\"cws_spacing cws_spacing_tablet\" style=\"height:50px;\"><\/div> <div class=\"cws_spacing cws_spacing_mobile\" style=\"height:50px;\"><\/div><\/div><\/div><\/div><\/div><!-- CWS Column --> <\/div><\/div><\/div><\/div><!-- CWS Row --><div class=\"cws-content clearfix\" style=\"background-repeat:no-repeat;background-size:cover;background-position:50% 50%;\"><div data-vc-full-width=\"true\" data-vc-full-width-init=\"false\" class=\"vc_row wpb_row vc_row-fluid vc_custom_1548148207525 vc_row-has-fill\"><div class=\"wpb_column vc_column_container vc_col-sm-12 cws-column\"><div class=\"cws_vc_column-inner\"><div class=\"wpb_column vc_column_container vc_col-sm-12\"><div class=\"vc_column-inner\"><div class=\"wpb_wrapper\"><div class=\"cws_spacing cws_spacing_size_sm_desctop-on cws_spacing_tablet-on cws_spacing_mobile-on\"><div class=\"cws_spacing cws_spacing_default\" style=\"height:100px;\"><\/div> <div class=\"cws_spacing cws_spacing_size_sm_desctop\" style=\"height:100px;\"><\/div> <div class=\"cws_spacing cws_spacing_tablet\" style=\"height:50px;\"><\/div> <div class=\"cws_spacing cws_spacing_mobile\" style=\"height:50px;\"><\/div><\/div><div class='cws_textmodule cws_vc_shortcode_module' id='cws_textmodule_69de258b1170a'><div class='cws_textmodule_wrapper'><div class='cws_textmodule_text text_align_center'><div class='cws_textmodule_titles display_block'><h1 class='cws_textmodule_title'><span>Besoin de plus de d\u00e9tails ?<\/span><\/h1><\/div><\/div><\/div><\/div><div class=\"cws_spacing\"><div class=\"cws_spacing cws_spacing_default\" style=\"height:10px;\"><\/div><\/div><div class='cws_textmodule cws_vc_shortcode_module' id='cws_textmodule_69de258b11901'><div class='cws_textmodule_wrapper'><div class='cws_textmodule_text text_align_center'><div class='cws_textmodule_content'><div class='text_content_wrapper'><p style=\"font-size: 18px; line-height: 1.4em;\">Nous sommes l\u00e0 pour vous aider. Contactez-nous par t\u00e9l\u00e9phone, par e-mail ou via nos r\u00e9seaux sociaux.<\/p>\n<\/div><\/div><\/div><\/div><\/div><div class=\"cws_spacing cws_spacing_size_sm_desctop-on cws_spacing_tablet-on cws_spacing_mobile-on\"><div class=\"cws_spacing cws_spacing_default\" style=\"height:40px;\"><\/div> <div class=\"cws_spacing cws_spacing_size_sm_desctop\" style=\"height:40px;\"><\/div> <div class=\"cws_spacing cws_spacing_tablet\" style=\"height:40px;\"><\/div> <div class=\"cws_spacing cws_spacing_mobile\" style=\"height:40px;\"><\/div><\/div><div class='sc_button_wrapper align-center mobile-align-center'><div id='cws_vc_shortcode_button_69de258b119d9' class='cws_custom_button_wrapper cws_sc_button regular default'><span><a href='https:\/\/expertrans-ma.com\/fr\/contacts\/' class='cws_custom_button'><span>CONTACTEZ-NOUS<\/span><i class='flaticon-arrows-1 ml-10'><\/i><\/a><\/span><\/div><\/div><div class=\"cws_spacing cws_spacing_size_sm_desctop-on cws_spacing_tablet-on cws_spacing_mobile-on\"><div class=\"cws_spacing cws_spacing_default\" style=\"height:100px;\"><\/div> <div class=\"cws_spacing cws_spacing_size_sm_desctop\" style=\"height:100px;\"><\/div> <div class=\"cws_spacing cws_spacing_tablet\" style=\"height:50px;\"><\/div> <div class=\"cws_spacing cws_spacing_mobile\" style=\"height:50px;\"><\/div><\/div><\/div><\/div><\/div><!-- CWS Column --> <\/div><\/div><\/div><div class=\"vc_row-full-width vc_clearfix\"><\/div><\/div>\n<\/div>","protected":false},"excerpt":{"rendered":"Project cargoAre you sourcing and delivering project cargo all over the world? Expertrans\u00a0has the expertise and facilities to support your projects from concept to completion. Located in Casablanca, we offer you prime logistics locations in Morocco to supervise all parts of the project on your behalf. No matter how big or non-standard your cargo is, we coordinate safe storage, transhipment and transportation. Expertrans is able to serve a wide range of industries, from maritime, to water treatment, construction and mining. Our clients appreciate our willingness to customise services in order to meet their unique requirements. Adding value to project cargoProject cargo sometimes needs to be repaired, tested, modified or assembled before it is shipped to its final destination. Our partners expertise and modern facilities offer a wide range of Value Added Logistics and Value Added Services to a wide range of sectors.. Always networkingThe complexity of handling sizable cargo requires collaborative partnerships and constant communication across the supply chain. Close, long-term partnerships with clients and partners are essential to the way Expertrans operates. Our services include forwarding, shipping, warehousing, customs clearance and fiscal representation through a global network of specialists. These strong relationships, plus our advanced facilities and integrated communication systems, enable each of our quality services to be tailored to your individual specifications. Meeting your safety standardsHandling project cargo is complicated. Of course you want safety standards met at all times. The project cargo terminals comply with regulations for quality, safety and security. Our project cargo services include : Advising you on ways to minimize freight costs. Optimising the safe transportation of your cargo. Receiving numerous types of vessels. Storage, assembling and modifying your cargo indoor and outdoor. Coordinating and supervising transport via air, land and sea. Arranging customs clearance and ensuring safety &amp; legal regulations are met. Need More Details? We are here to assist. Contact us by phone, email or via our social media channels. CONTACT US","protected":false},"author":1,"featured_media":0,"parent":0,"menu_order":0,"comment_status":"closed","ping_status":"closed","template":"","meta":{"footnotes":""},"class_list":["post-3649","page","type-page","status-publish","hentry"],"yoast_head":"<!-- This site is optimized with the Yoast SEO plugin v23.8 - https:\/\/yoast.com\/wordpress\/plugins\/seo\/ -->\n<title>Project cargo - EXPERTRANS - International Freight Forwarder<\/title>\n<meta name=\"robots\" content=\"index, follow, max-snippet:-1, max-image-preview:large, max-video-preview:-1\" \/>\n<link rel=\"canonical\" href=\"https:\/\/expertrans-ma.com\/fr\/project-cargo\/\" \/>\n<meta property=\"og:locale\" content=\"fr_FR\" \/>\n<meta property=\"og:type\" content=\"article\" \/>\n<meta property=\"og:title\" content=\"Project cargo - EXPERTRANS - International Freight Forwarder\" \/>\n<meta property=\"og:url\" content=\"https:\/\/expertrans-ma.com\/fr\/project-cargo\/\" \/>\n<meta property=\"og:site_name\" content=\"EXPERTRANS - International Freight Forwarder\" \/>\n<meta property=\"article:publisher\" content=\"https:\/\/web.facebook.com\/expertransmaroc\" \/>\n<meta property=\"article:modified_time\" content=\"2024-09-14T19:22:35+00:00\" \/>\n<meta property=\"og:image\" content=\"https:\/\/expertrans-ma.com\/wp-content\/uploads\/2024\/09\/projectcargo4.jpg\" \/>\n<meta name=\"twitter:card\" content=\"summary_large_image\" \/>\n<meta name=\"twitter:label1\" content=\"Dur\u00e9e de lecture estim\u00e9e\" \/>\n\t<meta name=\"twitter:data1\" content=\"3 minutes\" \/>\n<script type=\"application\/ld+json\" class=\"yoast-schema-graph\">{\"@context\":\"https:\/\/schema.org\",\"@graph\":[{\"@type\":\"WebPage\",\"@id\":\"https:\/\/expertrans-ma.com\/project-cargo\/\",\"url\":\"https:\/\/expertrans-ma.com\/project-cargo\/\",\"name\":\"Project cargo - EXPERTRANS - International Freight Forwarder\",\"isPartOf\":{\"@id\":\"https:\/\/expertrans-ma.com\/#website\"},\"primaryImageOfPage\":{\"@id\":\"https:\/\/expertrans-ma.com\/project-cargo\/#primaryimage\"},\"image\":{\"@id\":\"https:\/\/expertrans-ma.com\/project-cargo\/#primaryimage\"},\"thumbnailUrl\":\"https:\/\/expertrans-ma.com\/wp-content\/uploads\/2024\/09\/projectcargo4.jpg\",\"datePublished\":\"2024-08-23T23:09:25+00:00\",\"dateModified\":\"2024-09-14T19:22:35+00:00\",\"breadcrumb\":{\"@id\":\"https:\/\/expertrans-ma.com\/project-cargo\/#breadcrumb\"},\"inLanguage\":\"fr-FR\",\"potentialAction\":[{\"@type\":\"ReadAction\",\"target\":[\"https:\/\/expertrans-ma.com\/project-cargo\/\"]}]},{\"@type\":\"ImageObject\",\"inLanguage\":\"fr-FR\",\"@id\":\"https:\/\/expertrans-ma.com\/project-cargo\/#primaryimage\",\"url\":\"https:\/\/expertrans-ma.com\/wp-content\/uploads\/2024\/09\/projectcargo4.jpg\",\"contentUrl\":\"https:\/\/expertrans-ma.com\/wp-content\/uploads\/2024\/09\/projectcargo4.jpg\"},{\"@type\":\"BreadcrumbList\",\"@id\":\"https:\/\/expertrans-ma.com\/project-cargo\/#breadcrumb\",\"itemListElement\":[{\"@type\":\"ListItem\",\"position\":1,\"name\":\"Home\",\"item\":\"https:\/\/expertrans-ma.com\/\"},{\"@type\":\"ListItem\",\"position\":2,\"name\":\"Project cargo\"}]},{\"@type\":\"WebSite\",\"@id\":\"https:\/\/expertrans-ma.com\/#website\",\"url\":\"https:\/\/expertrans-ma.com\/\",\"name\":\"Expertrans\",\"description\":\"\",\"publisher\":{\"@id\":\"https:\/\/expertrans-ma.com\/#organization\"},\"potentialAction\":[{\"@type\":\"SearchAction\",\"target\":{\"@type\":\"EntryPoint\",\"urlTemplate\":\"https:\/\/expertrans-ma.com\/?s={search_term_string}\"},\"query-input\":{\"@type\":\"PropertyValueSpecification\",\"valueRequired\":true,\"valueName\":\"search_term_string\"}}],\"inLanguage\":\"fr-FR\"},{\"@type\":\"Organization\",\"@id\":\"https:\/\/expertrans-ma.com\/#organization\",\"name\":\"Expertrans\",\"url\":\"https:\/\/expertrans-ma.com\/\",\"logo\":{\"@type\":\"ImageObject\",\"inLanguage\":\"fr-FR\",\"@id\":\"https:\/\/expertrans-ma.com\/#\/schema\/logo\/image\/\",\"url\":\"https:\/\/expertrans-ma.com\/wp-content\/uploads\/2024\/08\/logo.png\",\"contentUrl\":\"https:\/\/expertrans-ma.com\/wp-content\/uploads\/2024\/08\/logo.png\",\"width\":500,\"height\":178,\"caption\":\"Expertrans\"},\"image\":{\"@id\":\"https:\/\/expertrans-ma.com\/#\/schema\/logo\/image\/\"},\"sameAs\":[\"https:\/\/web.facebook.com\/expertransmaroc\",\"https:\/\/fr.linkedin.com\/company\/expertrans\"]}]}<\/script>\n<!-- \/ Yoast SEO plugin. -->","yoast_head_json":{"title":"Project cargo - EXPERTRANS - International Freight Forwarder","robots":{"index":"index","follow":"follow","max-snippet":"max-snippet:-1","max-image-preview":"max-image-preview:large","max-video-preview":"max-video-preview:-1"},"canonical":"https:\/\/expertrans-ma.com\/fr\/project-cargo\/","og_locale":"fr_FR","og_type":"article","og_title":"Project cargo - EXPERTRANS - International Freight Forwarder","og_url":"https:\/\/expertrans-ma.com\/fr\/project-cargo\/","og_site_name":"EXPERTRANS - International Freight Forwarder","article_publisher":"https:\/\/web.facebook.com\/expertransmaroc","article_modified_time":"2024-09-14T19:22:35+00:00","og_image":[{"url":"https:\/\/expertrans-ma.com\/wp-content\/uploads\/2024\/09\/projectcargo4.jpg"}],"twitter_card":"summary_large_image","twitter_misc":{"Dur\u00e9e de lecture estim\u00e9e":"3 minutes"},"schema":{"@context":"https:\/\/schema.org","@graph":[{"@type":"WebPage","@id":"https:\/\/expertrans-ma.com\/project-cargo\/","url":"https:\/\/expertrans-ma.com\/project-cargo\/","name":"Project cargo - EXPERTRANS - International Freight Forwarder","isPartOf":{"@id":"https:\/\/expertrans-ma.com\/#website"},"primaryImageOfPage":{"@id":"https:\/\/expertrans-ma.com\/project-cargo\/#primaryimage"},"image":{"@id":"https:\/\/expertrans-ma.com\/project-cargo\/#primaryimage"},"thumbnailUrl":"https:\/\/expertrans-ma.com\/wp-content\/uploads\/2024\/09\/projectcargo4.jpg","datePublished":"2024-08-23T23:09:25+00:00","dateModified":"2024-09-14T19:22:35+00:00","breadcrumb":{"@id":"https:\/\/expertrans-ma.com\/project-cargo\/#breadcrumb"},"inLanguage":"fr-FR","potentialAction":[{"@type":"ReadAction","target":["https:\/\/expertrans-ma.com\/project-cargo\/"]}]},{"@type":"ImageObject","inLanguage":"fr-FR","@id":"https:\/\/expertrans-ma.com\/project-cargo\/#primaryimage","url":"https:\/\/expertrans-ma.com\/wp-content\/uploads\/2024\/09\/projectcargo4.jpg","contentUrl":"https:\/\/expertrans-ma.com\/wp-content\/uploads\/2024\/09\/projectcargo4.jpg"},{"@type":"BreadcrumbList","@id":"https:\/\/expertrans-ma.com\/project-cargo\/#breadcrumb","itemListElement":[{"@type":"ListItem","position":1,"name":"Home","item":"https:\/\/expertrans-ma.com\/"},{"@type":"ListItem","position":2,"name":"Project cargo"}]},{"@type":"WebSite","@id":"https:\/\/expertrans-ma.com\/#website","url":"https:\/\/expertrans-ma.com\/","name":"Expertrans","description":"","publisher":{"@id":"https:\/\/expertrans-ma.com\/#organization"},"potentialAction":[{"@type":"SearchAction","target":{"@type":"EntryPoint","urlTemplate":"https:\/\/expertrans-ma.com\/?s={search_term_string}"},"query-input":{"@type":"PropertyValueSpecification","valueRequired":true,"valueName":"search_term_string"}}],"inLanguage":"fr-FR"},{"@type":"Organization","@id":"https:\/\/expertrans-ma.com\/#organization","name":"Expertrans","url":"https:\/\/expertrans-ma.com\/","logo":{"@type":"ImageObject","inLanguage":"fr-FR","@id":"https:\/\/expertrans-ma.com\/#\/schema\/logo\/image\/","url":"https:\/\/expertrans-ma.com\/wp-content\/uploads\/2024\/08\/logo.png","contentUrl":"https:\/\/expertrans-ma.com\/wp-content\/uploads\/2024\/08\/logo.png","width":500,"height":178,"caption":"Expertrans"},"image":{"@id":"https:\/\/expertrans-ma.com\/#\/schema\/logo\/image\/"},"sameAs":["https:\/\/web.facebook.com\/expertransmaroc","https:\/\/fr.linkedin.com\/company\/expertrans"]}]}},"_links":{"self":[{"href":"https:\/\/expertrans-ma.com\/fr\/wp-json\/wp\/v2\/pages\/3649"}],"collection":[{"href":"https:\/\/expertrans-ma.com\/fr\/wp-json\/wp\/v2\/pages"}],"about":[{"href":"https:\/\/expertrans-ma.com\/fr\/wp-json\/wp\/v2\/types\/page"}],"author":[{"embeddable":true,"href":"https:\/\/expertrans-ma.com\/fr\/wp-json\/wp\/v2\/users\/1"}],"replies":[{"embeddable":true,"href":"https:\/\/expertrans-ma.com\/fr\/wp-json\/wp\/v2\/comments?post=3649"}],"version-history":[{"count":31,"href":"https:\/\/expertrans-ma.com\/fr\/wp-json\/wp\/v2\/pages\/3649\/revisions"}],"predecessor-version":[{"id":3991,"href":"https:\/\/expertrans-ma.com\/fr\/wp-json\/wp\/v2\/pages\/3649\/revisions\/3991"}],"wp:attachment":[{"href":"https:\/\/expertrans-ma.com\/fr\/wp-json\/wp\/v2\/media?parent=3649"}],"curies":[{"name":"wp","href":"https:\/\/api.w.org\/{rel}","templated":true}]}}